{"id":123,"date":"2021-09-10T20:04:06","date_gmt":"2021-09-10T18:04:06","guid":{"rendered":"https:\/\/wordpress.stallikon.hast-it.ch\/?page_id=123"},"modified":"2024-08-31T15:57:11","modified_gmt":"2024-08-31T13:57:11","slug":"elementor-123","status":"publish","type":"page","link":"https:\/\/xn--bogenschtzen-stallikon-zlc.ch\/index.php\/elementor-123\/","title":{"rendered":"\u00dcber uns"},"content":{"rendered":"\t\t<div data-elementor-type=\"wp-post\" data-elementor-id=\"123\" class=\"elementor elementor-123\">\n\t\t\t\t\t\t<section class=\"elementor-section elementor-top-section elementor-element elementor-element-61df14d elementor-section-boxed elementor-section-height-default elementor-section-height-default\" data-id=\"61df14d\" data-element_type=\"section\" data-e-type=\"section\">\n\t\t\t\t\t\t<div class=\"elementor-container elementor-column-gap-default\">\n\t\t\t\t\t<div class=\"elementor-column elementor-col-100 elementor-top-column elementor-element elementor-element-56f1b7a\" data-id=\"56f1b7a\" data-element_type=\"column\" data-e-type=\"column\">\n\t\t\t<div class=\"elementor-widget-wrap elementor-element-populated\">\n\t\t\t\t\t\t<div class=\"elementor-element elementor-element-85cce15 elementor-widget elementor-widget-heading\" data-id=\"85cce15\" data-element_type=\"widget\" data-e-type=\"widget\" data-widget_type=\"heading.default\">\n\t\t\t\t<div class=\"elementor-widget-container\">\n\t\t\t\t\t<h2 class=\"elementor-heading-title elementor-size-default\">\u00dcber uns<\/h2>\t\t\t\t<\/div>\n\t\t\t\t<\/div>\n\t\t\t\t<section class=\"elementor-section elementor-inner-section elementor-element elementor-element-9524b63 elementor-section-boxed elementor-section-height-default elementor-section-height-default\" data-id=\"9524b63\" data-element_type=\"section\" data-e-type=\"section\">\n\t\t\t\t\t\t<div class=\"elementor-container elementor-column-gap-default\">\n\t\t\t\t\t<div class=\"elementor-column elementor-col-50 elementor-inner-column elementor-element elementor-element-4fb820e\" data-id=\"4fb820e\" data-element_type=\"column\" data-e-type=\"column\">\n\t\t\t<div class=\"elementor-widget-wrap elementor-element-populated\">\n\t\t\t\t\t\t<div class=\"elementor-element elementor-element-3f6d9bf elementor-widget elementor-widget-image\" data-id=\"3f6d9bf\" data-element_type=\"widget\" data-e-type=\"widget\" data-widget_type=\"image.default\">\n\t\t\t\t<div class=\"elementor-widget-container\">\n\t\t\t\t\t\t\t\t\t\t\t\t\t\t\t<img fetchpriority=\"high\" decoding=\"async\" width=\"640\" height=\"350\" src=\"https:\/\/xn--bogenschtzen-stallikon-zlc.ch\/wp-content\/uploads\/2022\/09\/IMG_1179_small.jpg\" class=\"attachment-large size-large wp-image-501\" alt=\"\" srcset=\"https:\/\/xn--bogenschtzen-stallikon-zlc.ch\/wp-content\/uploads\/2022\/09\/IMG_1179_small.jpg 692w, https:\/\/xn--bogenschtzen-stallikon-zlc.ch\/wp-content\/uploads\/2022\/09\/IMG_1179_small-300x164.jpg 300w\" sizes=\"(max-width: 640px) 100vw, 640px\" \/>\t\t\t\t\t\t\t\t\t\t\t\t\t\t\t<\/div>\n\t\t\t\t<\/div>\n\t\t\t\t\t<\/div>\n\t\t<\/div>\n\t\t\t\t<div class=\"elementor-column elementor-col-50 elementor-inner-column elementor-element elementor-element-60b1bf8\" data-id=\"60b1bf8\" data-element_type=\"column\" data-e-type=\"column\">\n\t\t\t<div class=\"elementor-widget-wrap elementor-element-populated\">\n\t\t\t\t\t\t<div class=\"elementor-element elementor-element-1c8c11f elementor-widget elementor-widget-text-editor\" data-id=\"1c8c11f\" data-element_type=\"widget\" data-e-type=\"widget\" data-widget_type=\"text-editor.default\">\n\t\t\t\t<div class=\"elementor-widget-container\">\n\t\t\t\t\t\t\t\t\t<p>Bei der Gr\u00fcndung 2015 z\u00e4hlten die Bogensch\u00fctzen Stallikon 5 Mitglieder: Erika, Ruedi, Philip, Angela und Thomas.<\/p><p>Wir hatten die M\u00f6glichkeit, in unserem Sch\u00fctzenhaus Stallikon eine Schiesshalle und unsere B\u00fcros einzurichten. Ausserdem konnten wir auch einen Aussenplatz mieten.<\/p><p>Mittlerweile haben wir 30 aktive Mitglieder!<\/p><p>Wir haben uns entschlossen, das Bogenschiessen der Jugend von Stallikon zu vermitteln und auf diese Weise den Bogensport in unserer Gemeinde zu etablieren. Seither vermitteln wir die Freude am Schiessen an die jugendlichen und erwachsenen Einwohner von Stallikon und Umgebung.<\/p><p>Jedes Jahr im September organisieren wir einen Event, um den Einwohnern, Beh\u00f6rden und Vereine das Bogenschiessen n\u00e4her bringen zu k\u00f6nnen und dies mit beachtlichem Erfolg.<\/p>\t\t\t\t\t\t\t\t<\/div>\n\t\t\t\t<\/div>\n\t\t\t\t\t<\/div>\n\t\t<\/div>\n\t\t\t\t\t<\/div>\n\t\t<\/section>\n\t\t\t\t\t<\/div>\n\t\t<\/div>\n\t\t\t\t\t<\/div>\n\t\t<\/section>\n\t\t\t\t<section class=\"elementor-section elementor-top-section elementor-element elementor-element-7171be5 elementor-section-boxed elementor-section-height-default elementor-section-height-default\" data-id=\"7171be5\" data-element_type=\"section\" data-e-type=\"section\">\n\t\t\t\t\t\t<div class=\"elementor-container elementor-column-gap-default\">\n\t\t\t\t\t<div class=\"elementor-column elementor-col-100 elementor-top-column elementor-element elementor-element-5627b5b\" data-id=\"5627b5b\" data-element_type=\"column\" data-e-type=\"column\">\n\t\t\t<div class=\"elementor-widget-wrap elementor-element-populated\">\n\t\t\t\t\t\t<div class=\"elementor-element elementor-element-5b3461c elementor-widget-divider--view-line elementor-widget elementor-widget-divider\" data-id=\"5b3461c\" data-element_type=\"widget\" data-e-type=\"widget\" data-widget_type=\"divider.default\">\n\t\t\t\t<div class=\"elementor-widget-container\">\n\t\t\t\t\t\t\t<div class=\"elementor-divider\">\n\t\t\t<span class=\"elementor-divider-separator\">\n\t\t\t\t\t\t<\/span>\n\t\t<\/div>\n\t\t\t\t\t\t<\/div>\n\t\t\t\t<\/div>\n\t\t\t\t\t<\/div>\n\t\t<\/div>\n\t\t\t\t\t<\/div>\n\t\t<\/section>\n\t\t\t\t<section class=\"elementor-section elementor-top-section elementor-element elementor-element-8e8d006 elementor-section-boxed elementor-section-height-default elementor-section-height-default\" data-id=\"8e8d006\" data-element_type=\"section\" data-e-type=\"section\">\n\t\t\t\t\t\t<div class=\"elementor-container elementor-column-gap-default\">\n\t\t\t\t\t<div class=\"elementor-column elementor-col-100 elementor-top-column elementor-element elementor-element-b7a300c\" data-id=\"b7a300c\" data-element_type=\"column\" data-e-type=\"column\">\n\t\t\t<div class=\"elementor-widget-wrap elementor-element-populated\">\n\t\t\t\t\t\t<div class=\"elementor-element elementor-element-ac49f9d elementor-widget elementor-widget-heading\" data-id=\"ac49f9d\" data-element_type=\"widget\" data-e-type=\"widget\" data-widget_type=\"heading.default\">\n\t\t\t\t<div class=\"elementor-widget-container\">\n\t\t\t\t\t<h2 class=\"elementor-heading-title elementor-size-default\">Vorstand<\/h2>\t\t\t\t<\/div>\n\t\t\t\t<\/div>\n\t\t\t\t<div class=\"elementor-element elementor-element-5850023 elementor-widget elementor-widget-shortcode\" data-id=\"5850023\" data-element_type=\"widget\" data-e-type=\"widget\" data-widget_type=\"shortcode.default\">\n\t\t\t\t<div class=\"elementor-widget-container\">\n\t\t\t\t\t\t\t<div class=\"elementor-shortcode\"><div class=\"tmm tmm_vorstand\"><div class=\"tmm_3_columns tmm_wrap tmm_theme_f\"><span class=\"tmm_two_containers_tablet\"><\/span><div class=\"tmm_container\"><div class=\"tmm_member\" style=\"border-top:#31b540 solid 5px;\"><div class=\"tmm_textblock\"><div class=\"tmm_names\"><span class=\"tmm_fname\">Ruedi<\/span> <span class=\"tmm_lname\">Brunner<\/span><\/div><div class=\"tmm_job\">Pr\u00e4sident<\/div><div class=\"tmm_scblock\"><a class=\"tmm_sociallink\" href=\"mailto:&#112;r&#097;&#101;s&#105;d&#101;n&#116;&#064;&#098;&#111;&#103;e&#110;&#115;&#099;&#104;\u00fct&#122;&#101;n-sta&#108;&#108;&#105;k&#111;n.&#099;&#104;\" title=\"E-Mail\"><img decoding=\"async\" alt=\"E-Mail\" src=\"https:\/\/xn--bogenschtzen-stallikon-zlc.ch\/wp-content\/plugins\/team-members\/inc\/img\/links\/email.png\"\/><\/a><\/div><\/div><\/div><div class=\"tmm_member\" style=\"border-top:#31b540 solid 5px;\"><div class=\"tmm_textblock\"><div class=\"tmm_names\"><span class=\"tmm_fname\">Philip<\/span> <span class=\"tmm_lname\">Zeman<\/span><\/div><div class=\"tmm_job\">Vize-Pr\u00e4sident<\/div><div class=\"tmm_scblock\"><a class=\"tmm_sociallink\" href=\"mailto:&#118;&#105;&#122;&#101;&#045;p&#114;a&#101;&#115;&#105;d&#101;&#110;t&#064;bo&#103;&#101;ns&#099;&#104;&#195;&#188;&#116;ze&#110;&#045;&#115;&#116;&#097;&#108;&#108;i&#107;&#111;&#110;&#046;c&#104;\" title=\"E-Mail\"><img decoding=\"async\" alt=\"E-Mail\" src=\"https:\/\/xn--bogenschtzen-stallikon-zlc.ch\/wp-content\/plugins\/team-members\/inc\/img\/links\/email.png\"\/><\/a><\/div><\/div><\/div><span class=\"tmm_two_containers_tablet\"><\/span><div class=\"tmm_member\" style=\"border-top:#31b540 solid 5px;\"><div class=\"tmm_textblock\"><div class=\"tmm_names\"><span class=\"tmm_fname\">Erika<\/span> <span class=\"tmm_lname\">Montana<\/span><\/div><div class=\"tmm_job\">Kassier<\/div><div class=\"tmm_scblock\"><a class=\"tmm_sociallink\" href=\"mailto:&#107;&#097;&#115;s&#105;er&#064;&#098;&#111;&#103;&#101;n&#115;ch&#195;?&#116;&#122;e&#110;-s&#116;al&#108;i&#107;on&#046;c&#104;\" title=\"E-Mail\"><img decoding=\"async\" alt=\"E-Mail\" src=\"https:\/\/xn--bogenschtzen-stallikon-zlc.ch\/wp-content\/plugins\/team-members\/inc\/img\/links\/email.png\"\/><\/a><\/div><\/div><\/div><\/div><span class=\"tmm_columns_containers_desktop\"><\/span><div class=\"tmm_container\"><div class=\"tmm_member\" style=\"border-top:#31b540 solid 5px;\"><div class=\"tmm_textblock\"><div class=\"tmm_names\"><span class=\"tmm_fname\">Lambert<\/span> <span class=\"tmm_lname\">Schoonhen<\/span><\/div><div class=\"tmm_job\">Materialwart<\/div><div class=\"tmm_scblock\"><\/div><\/div><\/div><span class=\"tmm_two_containers_tablet\"><\/span><div class=\"tmm_member\" style=\"border-top:#31b540 solid 5px;\"><div class=\"tmm_textblock\"><div class=\"tmm_names\"><span class=\"tmm_fname\">Mia<\/span> <span class=\"tmm_lname\">Steck<\/span><\/div><div class=\"tmm_job\">Juniorenvorstand<\/div><div class=\"tmm_scblock\"><\/div><\/div><\/div><div class=\"tmm_member\" style=\"border-top:#31b540 solid 5px;\"><div class=\"tmm_textblock\"><div class=\"tmm_names\"><span class=\"tmm_fname\">Fabian<\/span> <span class=\"tmm_lname\">Theiler<\/span><\/div><div class=\"tmm_job\">Juniorenvorstand<\/div><div class=\"tmm_scblock\"><\/div><\/div><\/div><span class=\"tmm_two_containers_tablet\"><\/span><\/div><span class=\"tmm_columns_containers_desktop\"><\/span><div class=\"tmm_container\"><div class=\"tmm_member\" style=\"border-top:#31b540 solid 5px;\"><div class=\"tmm_textblock\"><div class=\"tmm_names\"><span class=\"tmm_fname\">Norbert<\/span> <span class=\"tmm_lname\">Frey<\/span><\/div><div class=\"tmm_job\">Webhost<\/div><div class=\"tmm_scblock\"><a class=\"tmm_sociallink\" href=\"mailto:&#119;e&#098;m&#097;s&#116;&#101;&#114;&#064;b&#111;ge&#110;&#115;c&#104;&#195;&#188;&#116;z&#101;&#110;&#045;&#115;t&#097;&#108;&#108;&#105;&#107;&#111;&#110;.ch\" title=\"E-Mail\"><img decoding=\"async\" alt=\"E-Mail\" src=\"https:\/\/xn--bogenschtzen-stallikon-zlc.ch\/wp-content\/plugins\/team-members\/inc\/img\/links\/email.png\"\/><\/a><\/div><\/div><\/div><div style=\"clear:both;\"><\/div><\/div><\/div><\/div><\/div>\n\t\t\t\t\t\t<\/div>\n\t\t\t\t<\/div>\n\t\t\t\t\t<\/div>\n\t\t<\/div>\n\t\t\t\t\t<\/div>\n\t\t<\/section>\n\t\t\t\t<section class=\"elementor-section elementor-top-section elementor-element elementor-element-5c8a448 elementor-section-boxed elementor-section-height-default elementor-section-height-default\" data-id=\"5c8a448\" data-element_type=\"section\" data-e-type=\"section\">\n\t\t\t\t\t\t<div class=\"elementor-container elementor-column-gap-default\">\n\t\t\t\t\t<div class=\"elementor-column elementor-col-100 elementor-top-column elementor-element elementor-element-d8b3dc6\" data-id=\"d8b3dc6\" data-element_type=\"column\" data-e-type=\"column\">\n\t\t\t<div class=\"elementor-widget-wrap elementor-element-populated\">\n\t\t\t\t\t\t<div class=\"elementor-element elementor-element-787b111 elementor-widget elementor-widget-google_maps\" data-id=\"787b111\" data-element_type=\"widget\" data-e-type=\"widget\" data-widget_type=\"google_maps.default\">\n\t\t\t\t<div class=\"elementor-widget-container\">\n\t\t\t\t\t\t\t<div class=\"elementor-custom-embed\">\n\t\t\t<iframe loading=\"lazy\"\n\t\t\t\t\tsrc=\"https:\/\/maps.google.com\/maps?q=Reppischtalstrasse%20104%20%208143%20Stallikon&#038;t=m&#038;z=14&#038;output=embed&#038;iwloc=near\"\n\t\t\t\t\ttitle=\"Reppischtalstrasse 104  8143 Stallikon\"\n\t\t\t\t\taria-label=\"Reppischtalstrasse 104  8143 Stallikon\"\n\t\t\t><\/iframe>\n\t\t<\/div>\n\t\t\t\t\t\t<\/div>\n\t\t\t\t<\/div>\n\t\t\t\t\t<\/div>\n\t\t<\/div>\n\t\t\t\t\t<\/div>\n\t\t<\/section>\n\t\t\t\t<section class=\"elementor-section elementor-top-section elementor-element elementor-element-02534d2 elementor-section-boxed elementor-section-height-default elementor-section-height-default\" data-id=\"02534d2\" data-element_type=\"section\" data-e-type=\"section\">\n\t\t\t\t\t\t<div class=\"elementor-container elementor-column-gap-default\">\n\t\t\t\t\t<div class=\"elementor-column elementor-col-50 elementor-top-column elementor-element elementor-element-b82b3ff\" data-id=\"b82b3ff\" data-element_type=\"column\" data-e-type=\"column\">\n\t\t\t<div class=\"elementor-widget-wrap\">\n\t\t\t\t\t\t\t<\/div>\n\t\t<\/div>\n\t\t\t\t<div class=\"elementor-column elementor-col-50 elementor-top-column elementor-element elementor-element-9c8b33a\" data-id=\"9c8b33a\" data-element_type=\"column\" data-e-type=\"column\">\n\t\t\t<div class=\"elementor-widget-wrap\">\n\t\t\t\t\t\t\t<\/div>\n\t\t<\/div>\n\t\t\t\t\t<\/div>\n\t\t<\/section>\n\t\t\t\t<\/div>\n\t\t","protected":false},"excerpt":{"rendered":"<p>\u00dcber uns Bei der Gr\u00fcndung 2015 z\u00e4hlten die Bogensch\u00fctzen Stallikon 5 Mitglieder: Erika, Ruedi, Philip, Angela und Thomas. Wir hatten die M\u00f6glichkeit, in unserem Sch\u00fctzenhaus [&hellip;]<\/p>\n","protected":false},"author":1,"featured_media":0,"parent":0,"menu_order":0,"comment_status":"closed","ping_status":"closed","template":"","meta":{"footnotes":""},"class_list":["post-123","page","type-page","status-publish","hentry"],"_links":{"self":[{"href":"https:\/\/xn--bogenschtzen-stallikon-zlc.ch\/index.php\/wp-json\/wp\/v2\/pages\/123","targetHints":{"allow":["GET"]}}],"collection":[{"href":"https:\/\/xn--bogenschtzen-stallikon-zlc.ch\/index.php\/wp-json\/wp\/v2\/pages"}],"about":[{"href":"https:\/\/xn--bogenschtzen-stallikon-zlc.ch\/index.php\/wp-json\/wp\/v2\/types\/page"}],"author":[{"embeddable":true,"href":"https:\/\/xn--bogenschtzen-stallikon-zlc.ch\/index.php\/wp-json\/wp\/v2\/users\/1"}],"replies":[{"embeddable":true,"href":"https:\/\/xn--bogenschtzen-stallikon-zlc.ch\/index.php\/wp-json\/wp\/v2\/comments?post=123"}],"version-history":[{"count":72,"href":"https:\/\/xn--bogenschtzen-stallikon-zlc.ch\/index.php\/wp-json\/wp\/v2\/pages\/123\/revisions"}],"predecessor-version":[{"id":1552,"href":"https:\/\/xn--bogenschtzen-stallikon-zlc.ch\/index.php\/wp-json\/wp\/v2\/pages\/123\/revisions\/1552"}],"wp:attachment":[{"href":"https:\/\/xn--bogenschtzen-stallikon-zlc.ch\/index.php\/wp-json\/wp\/v2\/media?parent=123"}],"curies":[{"name":"wp","href":"https:\/\/api.w.org\/{rel}","templated":true}]}}